{"id":1882,"date":"2024-08-20T14:57:15","date_gmt":"2024-08-20T12:57:15","guid":{"rendered":"https:\/\/www.eichhorn-grundmann.de\/?page_id=1882"},"modified":"2024-08-20T14:57:16","modified_gmt":"2024-08-20T12:57:16","slug":"contact-us-3","status":"publish","type":"page","link":"https:\/\/www.eichhorn-grundmann.de\/en\/contact-us-3\/","title":{"rendered":"Contact us"},"content":{"rendered":"<div id='full_slider_1'  class='avia-fullwidth-slider main_color avia-shadow   avia-builder-el-0  el_before_av_heading  avia-builder-el-first   container_wrap sidebar_right' style=' '  ><div   data-size='featured'  data-lightbox_size='large'  data-animation='slide'  data-conditional_play=''  data-ids='252'  data-video_counter='0'  data-autoplay='false'  data-bg_slider='false'  data-slide_height=''  data-handle='av_slideshow_full'  data-interval='5'  data-class=' '  data-el_id=''  data-css_id=''  data-scroll_down=''  data-control_layout='av-control-default'  data-custom_markup=''  data-perma_caption=''  data-autoplay_stopper=''  data-image_attachment=''  data-min_height='0px'  data-lazy_loading='disabled'  data-src=''  data-position='top left'  data-repeat='no-repeat'  data-attach='scroll'  data-stretch=''  data-default-height='28.666666666667'  class='avia-slideshow avia-slideshow-1  av-control-default av-default-height-applied avia-slideshow-featured av_slideshow_full   avia-slide-slider '  itemprop=\"image\" itemscope=\"itemscope\" itemtype=\"https:\/\/schema.org\/ImageObject\" ><ul class='avia-slideshow-inner ' style='padding-bottom: 28.666666666667%;' ><li  class=' av-single-slide slide-1 ' ><div data-rel='slideshow-1' class='avia-slide-wrap '   ><img decoding=\"async\" class=\"wp-image-1490 avia-img-lazy-loading-not-1490\"  src=\"https:\/\/www.eichhorn-grundmann.de\/wp-content\/uploads\/2020\/09\/Kontakt-1500x430.jpg\" width=\"1500\" height=\"430\" title='Kontakt' alt=''  itemprop=\"thumbnailUrl\" srcset=\"https:\/\/www.eichhorn-grundmann.de\/wp-content\/uploads\/2020\/09\/Kontakt.jpg 1500w, https:\/\/www.eichhorn-grundmann.de\/wp-content\/uploads\/2020\/09\/Kontakt-300x86.jpg 300w, https:\/\/www.eichhorn-grundmann.de\/wp-content\/uploads\/2020\/09\/Kontakt-1030x295.jpg 1030w, https:\/\/www.eichhorn-grundmann.de\/wp-content\/uploads\/2020\/09\/Kontakt-768x220.jpg 768w, https:\/\/www.eichhorn-grundmann.de\/wp-content\/uploads\/2020\/09\/Kontakt-705x202.jpg 705w\" sizes=\"(max-width: 1500px) 100vw, 1500px\" \/><\/div><\/li><\/ul><\/div><\/div><div id='after_full_slider_1'  class='main_color av_default_container_wrap container_wrap sidebar_right' style=' '  ><div class='container' ><div class='template-page content  av-content-small alpha units'><div class='post-entry post-entry-type-page post-entry-1882'><div class='entry-content-wrapper clearfix'>\n<div  style='padding-bottom:25px; ' class='av-special-heading av-special-heading-h1  blockquote modern-quote modern-centered  avia-builder-el-1  el_after_av_slideshow_full  el_before_av_heading  avia-builder-el-first  '><h1 class='av-special-heading-tag '  itemprop=\"headline\"  >HERZLICH WILLKOMMEN <\/h1><div class='special-heading-border'><div class='special-heading-inner-border' ><\/div><\/div><\/div>\n<div class=\"flex_column av_one_third  flex_column_div first  \" style='margin-top:0; margin-bottom:0; padding:20px 0px 0px 0px ; border-radius:0px; '><div  class='avia-image-container avia_animated_image avia_animate_when_almost_visible pop-up av-styling-    avia-align-center '  itemprop=\"image\" itemscope=\"itemscope\" itemtype=\"https:\/\/schema.org\/ImageObject\"  ><div class='avia-image-container-inner'><div class='avia-image-overlay-wrap'><img decoding=\"async\" class='wp-image-1463 avia-img-lazy-loading-not-1463 avia_image' src=\"https:\/\/www.eichhorn-grundmann.de\/wp-content\/uploads\/2020\/09\/EGV-Kreppert.jpg\" alt='' title='CHRISTINE KREPPERT' height=\"1200\" width=\"1200\"  itemprop=\"thumbnailUrl\" srcset=\"https:\/\/www.eichhorn-grundmann.de\/wp-content\/uploads\/2020\/09\/EGV-Kreppert.jpg 1200w, https:\/\/www.eichhorn-grundmann.de\/wp-content\/uploads\/2020\/09\/EGV-Kreppert-300x300.jpg 300w, https:\/\/www.eichhorn-grundmann.de\/wp-content\/uploads\/2020\/09\/EGV-Kreppert-1030x1030.jpg 1030w, https:\/\/www.eichhorn-grundmann.de\/wp-content\/uploads\/2020\/09\/EGV-Kreppert-80x80.jpg 80w, https:\/\/www.eichhorn-grundmann.de\/wp-content\/uploads\/2020\/09\/EGV-Kreppert-768x768.jpg 768w, https:\/\/www.eichhorn-grundmann.de\/wp-content\/uploads\/2020\/09\/EGV-Kreppert-36x36.jpg 36w, https:\/\/www.eichhorn-grundmann.de\/wp-content\/uploads\/2020\/09\/EGV-Kreppert-180x180.jpg 180w, https:\/\/www.eichhorn-grundmann.de\/wp-content\/uploads\/2020\/09\/EGV-Kreppert-705x705.jpg 705w\" sizes=\"(max-width: 1200px) 100vw, 1200px\" \/><\/div><\/div><\/div><\/div>\n<div class=\"flex_column av_two_third  av-animated-generic bottom-to-top  flex_column_div av-zero-column-padding   \" style='margin-top:0; margin-bottom:0; border-radius:0px; '><section class=\"av_textblock_section \"  itemscope=\"itemscope\" itemtype=\"https:\/\/schema.org\/CreativeWork\" ><div class='avia_textblock  '   itemprop=\"text\" ><p>Hallo, mein Name ist Christine Kreppert.<\/p>\n<p>Ich bin Assistentin der Gesch\u00e4ftsleitung bei Eichhorn &#038; Grundmann und deine pers\u00f6nliche Ansprechpartnerin f\u00fcr Bewerbungen. Ich wei\u00df genau, dass man meistens etwas nerv\u00f6s dabei ist. Damit es ganz einfach geht, haben wir nachfolgenden Guide entwickelt.<\/p>\n<p><a href=\"#\">Hier<\/a> findest du wichtige Daten und Fakten \u00fcber unser Unternehmen.<br \/>\n<a href=\"#\">Hier<\/a> findest du unsere Stellenbeschreibungen.<br \/>\n<a href=\"#\">Hier<\/a> kannst du dein Bewerbungsschreiben zusammen mit den Unterlagen wie Lebenslauf und Zeugnissen als PDF anf\u00fcgen.<\/p>\n<p>Damit ich mir schon ein Bild machen kann, m\u00f6chte ich dich bitten, ganz kurz diese Fragen zu beantworten:<\/p>\n<\/div><\/section><\/div>\n<div class=\"flex_column av_one_full  av-animated-generic bottom-to-top  flex_column_div av-zero-column-padding first  \" style='border-radius:0px; '><\/div>\n<div  id=\"accordion_slider_1\"  class='aviaccordion aviaccordion-title-active  ' style='max-height:375px' data-av-maxheight='375' data-autoplay='true' data-interval='5'   itemscope=\"itemscope\" itemtype=\"https:\/\/schema.org\/Blog\" ><ul class='aviaccordion-inner'><li class='aviaccordion-slide aviaccordion-slide-1' style='left:0%' data-av-left='0'  itemscope=\"itemscope\" itemtype=\"https:\/\/schema.org\/CreativeWork\" ><a class='aviaccordion-slide-link noHover' href='' ><div class='aviaccordion-preview  av-accordion-text-center' style='width:12.1%'><\/div><img decoding=\"async\" width=\"710\" height=\"375\" src=\"https:\/\/www.eichhorn-grundmann.de\/wp-content\/uploads\/2020\/09\/Profil-710x375.jpg\" class=\"aviaccordion-image\" alt=\"\" \/><\/a><\/li><li class='aviaccordion-slide aviaccordion-slide-2' style='left:11.111111111111%' data-av-left='11.111111111111'  itemscope=\"itemscope\" itemtype=\"https:\/\/schema.org\/CreativeWork\" ><a class='aviaccordion-slide-link noHover' href='' ><div class='aviaccordion-preview  av-accordion-text-center' style='width:12.1%'><\/div><img decoding=\"async\" width=\"710\" height=\"375\" src=\"https:\/\/www.eichhorn-grundmann.de\/wp-content\/uploads\/2020\/10\/Eichhorn-Fisch-710x375.jpg\" class=\"aviaccordion-image\" alt=\"\" \/><\/a><\/li><li class='aviaccordion-slide aviaccordion-slide-3' style='left:22.222222222222%' data-av-left='22.222222222222'  itemscope=\"itemscope\" itemtype=\"https:\/\/schema.org\/CreativeWork\" ><a class='aviaccordion-slide-link noHover' href='' ><div class='aviaccordion-preview  av-accordion-text-center' style='width:12.1%'><\/div><img decoding=\"async\" width=\"710\" height=\"375\" src=\"https:\/\/www.eichhorn-grundmann.de\/wp-content\/uploads\/2020\/10\/Eichhorn-Food-710x375.jpg\" class=\"aviaccordion-image\" alt=\"\" \/><\/a><\/li><li class='aviaccordion-slide aviaccordion-slide-4' style='left:33.333333333333%' data-av-left='33.333333333333'  itemscope=\"itemscope\" itemtype=\"https:\/\/schema.org\/CreativeWork\" ><a class='aviaccordion-slide-link noHover' href='' ><div class='aviaccordion-preview  av-accordion-text-center' style='width:12.1%'><\/div><img decoding=\"async\" width=\"710\" height=\"375\" src=\"https:\/\/www.eichhorn-grundmann.de\/wp-content\/uploads\/2020\/09\/Slider-2-710x375.jpg\" class=\"aviaccordion-image\" alt=\"\" \/><\/a><\/li><li class='aviaccordion-slide aviaccordion-slide-5' style='left:44.444444444444%' data-av-left='44.444444444444'  itemscope=\"itemscope\" itemtype=\"https:\/\/schema.org\/CreativeWork\" ><a class='aviaccordion-slide-link noHover' href='' ><div class='aviaccordion-preview  av-accordion-text-center' style='width:12.1%'><\/div><img decoding=\"async\" width=\"710\" height=\"375\" src=\"https:\/\/www.eichhorn-grundmann.de\/wp-content\/uploads\/2020\/10\/EGV-12-710x375.jpg\" class=\"aviaccordion-image\" alt=\"\" \/><\/a><\/li><li class='aviaccordion-slide aviaccordion-slide-6' style='left:55.555555555556%' data-av-left='55.555555555556'  itemscope=\"itemscope\" itemtype=\"https:\/\/schema.org\/CreativeWork\" ><a class='aviaccordion-slide-link noHover' href='' ><div class='aviaccordion-preview  av-accordion-text-center' style='width:12.1%'><\/div><img decoding=\"async\" width=\"710\" height=\"375\" src=\"https:\/\/www.eichhorn-grundmann.de\/wp-content\/uploads\/2020\/09\/Slider-9-710x375.jpg\" class=\"aviaccordion-image\" alt=\"\" \/><\/a><\/li><li class='aviaccordion-slide aviaccordion-slide-7' style='left:66.666666666667%' data-av-left='66.666666666667'  itemscope=\"itemscope\" itemtype=\"https:\/\/schema.org\/CreativeWork\" ><a class='aviaccordion-slide-link noHover' href='' ><div class='aviaccordion-preview  av-accordion-text-center' style='width:12.1%'><\/div><img decoding=\"async\" width=\"710\" height=\"375\" src=\"https:\/\/www.eichhorn-grundmann.de\/wp-content\/uploads\/2020\/10\/Eichhorn-Feinkost-710x375.jpg\" class=\"aviaccordion-image\" alt=\"\" \/><\/a><\/li><li class='aviaccordion-slide aviaccordion-slide-8' style='left:77.777777777778%' data-av-left='77.777777777778'  itemscope=\"itemscope\" itemtype=\"https:\/\/schema.org\/CreativeWork\" ><a class='aviaccordion-slide-link noHover' href='' ><div class='aviaccordion-preview  av-accordion-text-center' style='width:12.1%'><\/div><img decoding=\"async\" width=\"710\" height=\"375\" src=\"https:\/\/www.eichhorn-grundmann.de\/wp-content\/uploads\/2020\/10\/EGV-5-710x375.jpg\" class=\"aviaccordion-image\" alt=\"\" \/><\/a><\/li><li class='aviaccordion-slide aviaccordion-slide-9' style='left:88.888888888889%' data-av-left='88.888888888889'  itemscope=\"itemscope\" itemtype=\"https:\/\/schema.org\/CreativeWork\" ><a class='aviaccordion-slide-link noHover' href='https:\/\/www.eichhorn-grundmann.de\/wp-content\/uploads\/2020\/10\/EGV-11.jpg' ><div class='aviaccordion-preview  av-accordion-text-center' style='width:12.1%'><\/div><img decoding=\"async\" width=\"710\" height=\"375\" src=\"https:\/\/www.eichhorn-grundmann.de\/wp-content\/uploads\/2020\/10\/EGV-11-710x375.jpg\" class=\"aviaccordion-image\" alt=\"\" \/><\/a><\/li><\/ul><div class='aviaccordion-spacer' style='padding-bottom:52.816901408451%'><\/div><\/div>\n","protected":false},"excerpt":{"rendered":"","protected":false},"author":1,"featured_media":0,"parent":0,"menu_order":0,"comment_status":"closed","ping_status":"closed","template":"","meta":{"footnotes":""},"class_list":["post-1882","page","type-page","status-publish","hentry"],"yoast_head":"<!-- This site is optimized with the Yoast SEO plugin v27.3 - https:\/\/yoast.com\/product\/yoast-seo-wordpress\/ -->\n<title>EICHHORN - Contact<\/title>\n<meta name=\"description\" content=\"\u2713 We love the exchange \u2713 Feel free to contact us by e-mail or telephone \u2713 Personal appointments can be made at any time\" \/>\n<meta name=\"robots\" content=\"index, nofollow, max-snippet:-1, max-image-preview:large, max-video-preview:-1\" \/>\n<link rel=\"canonical\" href=\"https:\/\/www.eichhorn-grundmann.de\/en\/contact-us-3\/\" \/>\n<meta property=\"og:locale\" content=\"en_US\" \/>\n<meta property=\"og:type\" content=\"article\" \/>\n<meta property=\"og:title\" content=\"EICHHORN - Contact\" \/>\n<meta property=\"og:description\" content=\"\u2713 We love the exchange \u2713 Feel free to contact us by e-mail or telephone \u2713 Personal appointments can be made at any time\" \/>\n<meta property=\"og:url\" content=\"https:\/\/www.eichhorn-grundmann.de\/en\/contact-us-3\/\" \/>\n<meta property=\"og:site_name\" content=\"Eichhorn-Grundmann\" \/>\n<meta property=\"article:modified_time\" content=\"2024-08-20T12:57:16+00:00\" \/>\n<meta name=\"twitter:card\" content=\"summary_large_image\" \/>\n<meta name=\"twitter:label1\" content=\"Est. reading time\" \/>\n\t<meta name=\"twitter:data1\" content=\"4 minutes\" \/>\n<script type=\"application\/ld+json\" class=\"yoast-schema-graph\">{\"@context\":\"https:\\\/\\\/schema.org\",\"@graph\":[{\"@type\":\"WebPage\",\"@id\":\"https:\\\/\\\/www.eichhorn-grundmann.de\\\/en\\\/contact-us-3\\\/\",\"url\":\"https:\\\/\\\/www.eichhorn-grundmann.de\\\/en\\\/contact-us-3\\\/\",\"name\":\"EICHHORN - Contact\",\"isPartOf\":{\"@id\":\"https:\\\/\\\/www.eichhorn-grundmann.de\\\/en\\\/#website\"},\"datePublished\":\"2024-08-20T12:57:15+00:00\",\"dateModified\":\"2024-08-20T12:57:16+00:00\",\"description\":\"\u2713 We love the exchange \u2713 Feel free to contact us by e-mail or telephone \u2713 Personal appointments can be made at any time\",\"breadcrumb\":{\"@id\":\"https:\\\/\\\/www.eichhorn-grundmann.de\\\/en\\\/contact-us-3\\\/#breadcrumb\"},\"inLanguage\":\"en-US\",\"potentialAction\":[{\"@type\":\"ReadAction\",\"target\":[\"https:\\\/\\\/www.eichhorn-grundmann.de\\\/en\\\/contact-us-3\\\/\"]}]},{\"@type\":\"BreadcrumbList\",\"@id\":\"https:\\\/\\\/www.eichhorn-grundmann.de\\\/en\\\/contact-us-3\\\/#breadcrumb\",\"itemListElement\":[{\"@type\":\"ListItem\",\"position\":1,\"name\":\"Startseite\",\"item\":\"https:\\\/\\\/www.eichhorn-grundmann.de\\\/en\\\/food-distribution\\\/\"},{\"@type\":\"ListItem\",\"position\":2,\"name\":\"Contact us\"}]},{\"@type\":\"WebSite\",\"@id\":\"https:\\\/\\\/www.eichhorn-grundmann.de\\\/en\\\/#website\",\"url\":\"https:\\\/\\\/www.eichhorn-grundmann.de\\\/en\\\/\",\"name\":\"Eichhorn-Grundmann\",\"description\":\"\",\"potentialAction\":[{\"@type\":\"SearchAction\",\"target\":{\"@type\":\"EntryPoint\",\"urlTemplate\":\"https:\\\/\\\/www.eichhorn-grundmann.de\\\/en\\\/?s={search_term_string}\"},\"query-input\":{\"@type\":\"PropertyValueSpecification\",\"valueRequired\":true,\"valueName\":\"search_term_string\"}}],\"inLanguage\":\"en-US\"}]}<\/script>\n<!-- \/ Yoast SEO plugin. -->","yoast_head_json":{"title":"EICHHORN - Contact","description":"\u2713 We love the exchange \u2713 Feel free to contact us by e-mail or telephone \u2713 Personal appointments can be made at any time","robots":{"index":"index","follow":"nofollow","max-snippet":"max-snippet:-1","max-image-preview":"max-image-preview:large","max-video-preview":"max-video-preview:-1"},"canonical":"https:\/\/www.eichhorn-grundmann.de\/en\/contact-us-3\/","og_locale":"en_US","og_type":"article","og_title":"EICHHORN - Contact","og_description":"\u2713 We love the exchange \u2713 Feel free to contact us by e-mail or telephone \u2713 Personal appointments can be made at any time","og_url":"https:\/\/www.eichhorn-grundmann.de\/en\/contact-us-3\/","og_site_name":"Eichhorn-Grundmann","article_modified_time":"2024-08-20T12:57:16+00:00","twitter_card":"summary_large_image","twitter_misc":{"Est. reading time":"4 minutes"},"schema":{"@context":"https:\/\/schema.org","@graph":[{"@type":"WebPage","@id":"https:\/\/www.eichhorn-grundmann.de\/en\/contact-us-3\/","url":"https:\/\/www.eichhorn-grundmann.de\/en\/contact-us-3\/","name":"EICHHORN - Contact","isPartOf":{"@id":"https:\/\/www.eichhorn-grundmann.de\/en\/#website"},"datePublished":"2024-08-20T12:57:15+00:00","dateModified":"2024-08-20T12:57:16+00:00","description":"\u2713 We love the exchange \u2713 Feel free to contact us by e-mail or telephone \u2713 Personal appointments can be made at any time","breadcrumb":{"@id":"https:\/\/www.eichhorn-grundmann.de\/en\/contact-us-3\/#breadcrumb"},"inLanguage":"en-US","potentialAction":[{"@type":"ReadAction","target":["https:\/\/www.eichhorn-grundmann.de\/en\/contact-us-3\/"]}]},{"@type":"BreadcrumbList","@id":"https:\/\/www.eichhorn-grundmann.de\/en\/contact-us-3\/#breadcrumb","itemListElement":[{"@type":"ListItem","position":1,"name":"Startseite","item":"https:\/\/www.eichhorn-grundmann.de\/en\/food-distribution\/"},{"@type":"ListItem","position":2,"name":"Contact us"}]},{"@type":"WebSite","@id":"https:\/\/www.eichhorn-grundmann.de\/en\/#website","url":"https:\/\/www.eichhorn-grundmann.de\/en\/","name":"Eichhorn-Grundmann","description":"","potentialAction":[{"@type":"SearchAction","target":{"@type":"EntryPoint","urlTemplate":"https:\/\/www.eichhorn-grundmann.de\/en\/?s={search_term_string}"},"query-input":{"@type":"PropertyValueSpecification","valueRequired":true,"valueName":"search_term_string"}}],"inLanguage":"en-US"}]}},"_links":{"self":[{"href":"https:\/\/www.eichhorn-grundmann.de\/en\/wp-json\/wp\/v2\/pages\/1882","targetHints":{"allow":["GET"]}}],"collection":[{"href":"https:\/\/www.eichhorn-grundmann.de\/en\/wp-json\/wp\/v2\/pages"}],"about":[{"href":"https:\/\/www.eichhorn-grundmann.de\/en\/wp-json\/wp\/v2\/types\/page"}],"author":[{"embeddable":true,"href":"https:\/\/www.eichhorn-grundmann.de\/en\/wp-json\/wp\/v2\/users\/1"}],"replies":[{"embeddable":true,"href":"https:\/\/www.eichhorn-grundmann.de\/en\/wp-json\/wp\/v2\/comments?post=1882"}],"version-history":[{"count":3,"href":"https:\/\/www.eichhorn-grundmann.de\/en\/wp-json\/wp\/v2\/pages\/1882\/revisions"}],"predecessor-version":[{"id":1885,"href":"https:\/\/www.eichhorn-grundmann.de\/en\/wp-json\/wp\/v2\/pages\/1882\/revisions\/1885"}],"wp:attachment":[{"href":"https:\/\/www.eichhorn-grundmann.de\/en\/wp-json\/wp\/v2\/media?parent=1882"}],"curies":[{"name":"wp","href":"https:\/\/api.w.org\/{rel}","templated":true}]}}